{"id":1868,"date":"2014-07-29T01:18:19","date_gmt":"2014-07-28T23:18:19","guid":{"rendered":"http:\/\/alonsobenjamin.com\/?page_id=1868"},"modified":"2014-07-29T02:58:07","modified_gmt":"2014-07-29T00:58:07","slug":"blog-2","status":"publish","type":"page","link":"http:\/\/alonsobenjamin.com\/?page_id=1868","title":{"rendered":"BLOG"},"content":{"rendered":"<div id='ultimo_post_para_blog' class='widgets_on_page wop_tiny1  wop_small1  wop_medium1  wop_large1  wop_wide1'>\n\t\t\t<ul><li id=\"sticky-posts-2\" class=\"widget widget_ultimate_posts\">\n\n\n  <ul>\n\n  \n    \n    <li class=\"\">\n\n      \n      <div class=\"upw-content\">\n\n        \n        \n        \n        \n        \n                  <p class=\"post-content\"><h2><a href=\"http:\/\/alonsobenjamin.com\/?p=3728&amp;preview=true\">EL TEATRO DE ROBERT LEPAGE. UNA DRAMATURGIA DE LA IMPROVISACI\u00d3N<\/a><\/h2>\n<p style=\"text-align: justify;\"><a href=\"https:\/\/i0.wp.com\/alonsobenjamin.com\/wp-content\/uploads\/2024\/02\/39-PREMIO2022PORTADA.jpg\" target=\"_blank\" rel=\"noopener\"><img data-recalc-dims=\"1\" loading=\"lazy\" decoding=\"async\" class=\"alignleft wp-image-3746\" src=\"https:\/\/i0.wp.com\/alonsobenjamin.com\/wp-content\/uploads\/2024\/02\/portadalepage.jpg?resize=299%2C444\" alt=\"\" width=\"299\" height=\"444\" srcset=\"https:\/\/i0.wp.com\/alonsobenjamin.com\/wp-content\/uploads\/2024\/02\/portadalepage.jpg?w=584 584w, https:\/\/i0.wp.com\/alonsobenjamin.com\/wp-content\/uploads\/2024\/02\/portadalepage.jpg?resize=168%2C250 168w\" sizes=\"auto, (max-width: 299px) 100vw, 299px\" \/><\/a>La editorial <strong><a href=\"https:\/\/twitter.com\/ArtezblaiTeatro\">@ArtezblaiTeatro<\/a><\/strong> acaba de poner a la venta mi libro <em><strong>EL TEATRO DE ROBERT LEPAGE. UNA DRAMATURGIA DE LA IMPROVISACI\u00d3N<\/strong><\/em>, ganador del XV Premio Internacional Artez Blai de Investigaci\u00f3n en Artes Esc\u00e9nicas. Este libro es una s\u00edntesis de mi tesis doctoral, mucho m\u00e1s extensa, que permitir\u00e1 al lector conocer los procesos de creaci\u00f3n del director quebequense Robert Lepage junto con su compa\u00f1\u00eda <em>Ex Machina<\/em>.<\/p>\n<p style=\"text-align: justify;\">Los contenidos del libro est\u00e1n organizados en tres apartados fundamentales: formaci\u00f3n, metodolog\u00eda y tecnolog\u00eda. Estos tres grandes pilares determinan el desarrollo de sus espect\u00e1culos, basados en una dramaturgia colectiva que se va \u201cescribiendo\u201d directamente sobre la escena, mediante una serie de exploraciones e improvisaciones en las que intervienen a la vez tanto el equipo art\u00edstico como el equipo t\u00e9cnico.&nbsp;<\/p>\n<p style=\"text-align: justify;\"><strong><a href=\"https:\/\/www.artezblai.com\/libreria-artezblai\/teoria-y-practica\/el-teatro-de-robert-lepage-una-benjamin-alonso-editorial-artezblai\/\" target=\"_blank\" rel=\"noopener\">El libro se puede adquirir en la p\u00e1gina web de la editorial&nbsp;<\/a><\/strong>. Igualmente, en el canal de Youtube de Artezblai se puede visualizar la <strong><a href=\"https:\/\/www.youtube.com\/watch?v=SCMFHOLzcGI\" target=\"_blank\" rel=\"noopener\">entrevista<\/a><\/strong> en la que respondo a las preguntas de Carlos Gil, presentando y ampliando los contenidos de la obra publicada.<\/p>\n<p>Muchas gracias a todas las personas interesadas en conocer este trabajo de investigaci\u00f3n y divulgaci\u00f3n. Espero sinceramente que disfrut\u00e9is con la lectura del libro. Eskerrik asko!<\/p>\n<p style=\"text-align: center;\"><a class=\"fasc-button fasc-size-medium fasc-type-glossy fasc-rounded-medium fasc-ico-before dashicons-cart\" style=\"background-color: #33809e; color: #ffffff;\" target=\"_blank\" rel=\"noopener\" href=\"https:\/\/www.artezblai.com\/libreria-artezblai\/teoria-y-practica\/el-teatro-de-robert-lepage-una-benjamin-alonso-editorial-artezblai\/\">Comprar<\/a>&nbsp;<\/p>\n<p style=\"text-align: justify;\">&nbsp;<\/p>\n<p style=\"text-align: justify;\"><a href=\"https:\/\/twitter.com\/alonsobben\/status\/1743729149091418435\/photo\/1\">&nbsp;<\/a><\/p>\n<\/p>\n        \n        \n        \n        \n      <\/div>\n\n    <\/li>\n\n  \n  <\/ul>\n\n\n<\/li><\/ul><\/div><!-- widgets_on_page -->\n","protected":false},"excerpt":{"rendered":"<p>EL TEATRO DE ROBERT LEPAGE. UNA DRAMATURGIA DE LA IMPROVISACI\u00d3N La editorial @ArtezblaiTeatro acaba de poner a la venta mi libro EL TEATRO DE ROBERT LEPAGE. UNA DRAMATURGIA DE LA IMPROVISACI\u00d3N, ganador del XV Premio Internacional Artez Blai de Investigaci\u00f3n en Artes Esc\u00e9nicas. Este libro es una s\u00edntesis de mi tesis doctoral, mucho m\u00e1s extensa,<\/p>\n<div class=\"read-more\"><a href=\"http:\/\/alonsobenjamin.com\/?p=3728\">Read More<\/a><\/div>\n","protected":false},"author":1,"featured_media":0,"parent":0,"menu_order":0,"comment_status":"closed","ping_status":"open","template":"","meta":{"footnotes":""},"class_list":["post-1868","page","type-page","status-publish","hentry"],"jetpack_sharing_enabled":true,"_links":{"self":[{"href":"http:\/\/alonsobenjamin.com\/index.php?rest_route=\/wp\/v2\/pages\/1868","targetHints":{"allow":["GET"]}}],"collection":[{"href":"http:\/\/alonsobenjamin.com\/index.php?rest_route=\/wp\/v2\/pages"}],"about":[{"href":"http:\/\/alonsobenjamin.com\/index.php?rest_route=\/wp\/v2\/types\/page"}],"author":[{"embeddable":true,"href":"http:\/\/alonsobenjamin.com\/index.php?rest_route=\/wp\/v2\/users\/1"}],"replies":[{"embeddable":true,"href":"http:\/\/alonsobenjamin.com\/index.php?rest_route=%2Fwp%2Fv2%2Fcomments&post=1868"}],"version-history":[{"count":10,"href":"http:\/\/alonsobenjamin.com\/index.php?rest_route=\/wp\/v2\/pages\/1868\/revisions"}],"predecessor-version":[{"id":1883,"href":"http:\/\/alonsobenjamin.com\/index.php?rest_route=\/wp\/v2\/pages\/1868\/revisions\/1883"}],"wp:attachment":[{"href":"http:\/\/alonsobenjamin.com\/index.php?rest_route=%2Fwp%2Fv2%2Fmedia&parent=1868"}],"curies":[{"name":"wp","href":"https:\/\/api.w.org\/{rel}","templated":true}]}}