{"id":255,"date":"2012-04-22T23:32:58","date_gmt":"2012-04-22T22:32:58","guid":{"rendered":"http:\/\/alonsobb.wordpress.com\/?page_id=255"},"modified":"2023-01-20T20:28:18","modified_gmt":"2023-01-20T19:28:18","slug":"oferta-de-cursos","status":"publish","type":"page","link":"http:\/\/alonsobenjamin.com\/?page_id=255","title":{"rendered":"WORKSHOPS"},"content":{"rendered":"<p><!-- COPIAR DESDE AQUI--><\/p>\n<div id=\"container-formacion\" style=\"width: 870px; margin: auto; background-color: #eeeeee; padding: 25px; border-radius: 10px; margin-bottom: 20px;\">\n<div style=\"width: 200px; float: left;\"><a href=\"https:\/\/i0.wp.com\/alonsobenjamin.com\/wp-content\/uploads\/2018\/11\/Imagen.-Teatro-Gestual.-web.jpg\" rel=\"prettyPhoto[gal]\"><img data-recalc-dims=\"1\" loading=\"lazy\" decoding=\"async\" class=\"alignnone wp-image-3207\" src=\"https:\/\/i0.wp.com\/alonsobenjamin.com\/wp-content\/uploads\/2018\/11\/Imagen.-Teatro-Gestual.-web.jpg?resize=150%2C253\" alt=\"\" width=\"150\" height=\"253\" srcset=\"https:\/\/i0.wp.com\/alonsobenjamin.com\/wp-content\/uploads\/2018\/11\/Imagen.-Teatro-Gestual.-web.jpg?resize=178%2C300 178w, https:\/\/i0.wp.com\/alonsobenjamin.com\/wp-content\/uploads\/2018\/11\/Imagen.-Teatro-Gestual.-web.jpg?resize=768%2C1294 768w, https:\/\/i0.wp.com\/alonsobenjamin.com\/wp-content\/uploads\/2018\/11\/Imagen.-Teatro-Gestual.-web.jpg?resize=608%2C1024 608w, https:\/\/i0.wp.com\/alonsobenjamin.com\/wp-content\/uploads\/2018\/11\/Imagen.-Teatro-Gestual.-web.jpg?w=800 800w\" sizes=\"auto, (max-width: 150px) 100vw, 150px\" \/><\/a><\/div>\n<div style=\"width: 650px; margin-left: 200px;\">\n<h2 style=\"text-align: left;\"><strong><span style=\"color: #2a8055;\">TEATRO<\/span><\/strong><span style=\"color: #2a8055;\"> GEST<\/span><span style=\"color: #2a8055;\">UAL<\/span><\/h2>\n<p style=\"text-align: justify;\">Curso monogr\u00e1fico de teatro gestual. <strong>Los lenguajes del gesto<\/strong> exploran la expresio\u0301n del cuerpo en diferentes direcciones y <strong>ampli\u0301an las posibilidades de juego del actor<\/strong>. A partir de un espacio vaci\u0301o y unos actores en movimiento, podemos sugerir lugares, ambientes, situaciones, personajes, acciones o emociones con los que dar forma a la narraci\u00f3n de una historia.<\/p>\n<p style=\"text-align: justify;\">Partiendo del an\u00e1lisis t\u00e9cnico de movimientos, se combina la teor\u00eda con la pr\u00e1ctica para ofrecer al alumno recursos y t\u00e9cnicas que le permitan desarrollar y construir una historia dentro de un grupo de trabajo, mediante ejercicios e improvisaciones que estimulen su imaginario creativo. La expresi\u00f3n, el juego y el movimiento esc\u00e9nico se ponen al servicio de una narraci\u00f3n dram\u00e1tica gestual que se aproximar\u00e1 al c\u00f3mic y al lenguaje cinematogr\u00e1fico. <strong><a title=\"DEL GESTO A LA NARRACI\u00d3N DRAM\u00c1TICA\" href=\"http:\/\/alonsobenjamin.com\/?page_id=112\" target=\"_blank\" rel=\"noopener noreferrer\">+Info<\/a><\/strong><\/p>\n<\/div>\n<\/div>\n<div id=\"container-formacion\" style=\"width: 870px; margin: auto; background-color: #eeeeee; padding: 25px; border-radius: 10px; margin-bottom: 20px;\">\n<div>\n<h2 style=\"text-align: left;\"><span style=\"color: #3366ff;\">\u00a0 \u00a0 \u00a0 \u00a0 \u00a0 \u00a0 \u00a0 \u00a0 \u00a0 \u00a0 \u00a0 \u00a0 \u00a0 \u00a0 \u00a0 \u00a0 \u00a0 \u00a0 \u00a0 \u00a0 \u00a0 \u00a0T\u00c9CNICAS TEATRALES PARA UNA COMUNICACI\u00d3N EFICAZ CON EL P\u00daBLICO<\/span><\/h2>\n<\/div>\n<div style=\"width: 200px; float: left;\"><a href=\"https:\/\/i0.wp.com\/alonsobenjamin.com\/wp-content\/uploads\/2018\/11\/Descubre-tu-propio-comunicador.jpg\" rel=\"prettyPhoto[gal]\"><img data-recalc-dims=\"1\" loading=\"lazy\" decoding=\"async\" class=\"alignleft wp-image-3215\" src=\"https:\/\/i0.wp.com\/alonsobenjamin.com\/wp-content\/uploads\/2018\/11\/Descubre-tu-propio-comunicador.jpg?resize=170%2C143\" alt=\"\" width=\"170\" height=\"143\" srcset=\"https:\/\/i0.wp.com\/alonsobenjamin.com\/wp-content\/uploads\/2018\/11\/Descubre-tu-propio-comunicador.jpg?resize=300%2C251 300w, https:\/\/i0.wp.com\/alonsobenjamin.com\/wp-content\/uploads\/2018\/11\/Descubre-tu-propio-comunicador.jpg?resize=768%2C644 768w, https:\/\/i0.wp.com\/alonsobenjamin.com\/wp-content\/uploads\/2018\/11\/Descubre-tu-propio-comunicador.jpg?w=940 940w\" sizes=\"auto, (max-width: 170px) 100vw, 170px\" \/><\/a><\/div>\n<div style=\"width: 650px; margin-left: 200px;\">\n<p style=\"text-align: justify;\">La comunicaci\u00f3n es un aspecto fundamental de nuestras vidas, tanto en el \u00e1mbito personal como en el acad\u00e9mico o profesional. Tomar conciencia de su importancia es el\u00a0 primer paso para entender que el dominio de nuestras propias habilidades comunicativas puede suponer la garant\u00eda de nuestro \u00e9xito, o al menos, nos proporcionar\u00e1 mayor eficacia y favorecer\u00e1 unas relaciones interpersonales m\u00e1s fuertes y seguras.<\/p>\n<p style=\"text-align: justify;\">Esta es una formaci\u00f3n pr\u00e1ctica que utiliza las t\u00e9cnicas teatrales para explorar y desarrollar las capacidades comunicativas propias de cada persona. Diferentes ejercicios nos ayudar\u00e1n a ser conscientes de los distintos elementos que participan en la comunicaci\u00f3n con el p\u00fablico, y a <strong>conocer mejor el comunicador que llevamos dentro<\/strong>.\u00a0<strong><a href=\"http:\/\/alonsobenjamin.com\/?page_id=112\" target=\"_blank\" rel=\"noopener noreferrer\">+Info<\/a><\/strong><\/p>\n<\/div>\n<\/div>\n<div id=\"container-formacion\" style=\"width: 870px; margin: auto; background-color: #eeeeee; padding: 25px; border-radius: 10px; margin-bottom: 20px;\">\n<div style=\"width: 200px; float: left;\"><a href=\"https:\/\/i0.wp.com\/alonsobenjamin.com\/wp-content\/uploads\/2012\/04\/Repertorio-en-escena-cartel-para-web.jpg\" rel=\"prettyPhoto[gal]\"><img data-recalc-dims=\"1\" loading=\"lazy\" decoding=\"async\" src=\"https:\/\/i0.wp.com\/alonsobenjamin.com\/wp-content\/uploads\/2012\/04\/Repertorio-en-escena-cartel-para-web.jpg?resize=150%2C254\" alt=\"Repertorio-en-escena-cartel-para-web\" width=\"150\" height=\"254\" \/><\/a><\/div>\n<div style=\"width: 650px; margin-left: 200px;\">\n<h2><span style=\"color: #ff3366;\">REPERTORIO EN ESCENA<\/span><\/h2>\n<p style=\"text-align: justify;\">Seminario pr\u00e1ctico\u00a0<strong>dirigido a<\/strong>\u00a0<strong>cantantes l\u00edricos y alumnos de canto<\/strong>,\u00a0que aporta\u00a0una serie de recursos esc\u00e9nicos aplicados directamente a la puesta en escena de su repertorio. El objetivo es complementar y enriquecer su formaci\u00f3n art\u00edstica y conseguir que el alumno se familiarice con la escena para entrar en ella con verdadero placer y seguridad.<\/p>\n<p style=\"text-align: justify;\">Se trata de un proceso de trabajo progresivo, similar al de una producci\u00f3n l\u00edrica, con el objetivo final de poner en escena el repertorio seleccionado delante de un p\u00fablico real. Este proceso permite a los alumnos entender los elementos b\u00e1sicos y fundamentales para transferir una escena musical de la partitura al escenario; entender los propios c\u00f3digos de la escena y las necesidades para representar una acci\u00f3n o situaci\u00f3n dram\u00e1tica, a trav\u00e9s de unos personajes cre\u00edbles y con vida propia. <strong><a title=\"CONTACTO\" href=\"http:\/\/alonsobenjamin.com\/?page_id=112\" target=\"_blank\" rel=\"noopener noreferrer\">+Info<\/a><\/strong><\/p>\n<\/div>\n<\/div>\n<div id=\"container-formacion\" style=\"width: 870px; margin: auto; background-color: #eeeeee; padding: 25px; border-radius: 10px; margin-bottom: 20px;\">\n<div style=\"width: 200px; float: left;\"><a href=\"https:\/\/i0.wp.com\/alonsobenjamin.com\/wp-content\/uploads\/2014\/02\/Escuela-de-Primavera-W.jpg\" rel=\"prettyPhoto[gal]\"><img data-recalc-dims=\"1\" loading=\"lazy\" decoding=\"async\" src=\"https:\/\/i0.wp.com\/alonsobenjamin.com\/wp-content\/uploads\/2014\/02\/Escuela-de-Primavera-W.jpg?resize=150%2C255\" alt=\"Escuela-de-Primavera-W\" width=\"150\" height=\"255\" \/><\/a><\/div>\n<div style=\"width: 650px; margin-left: 200px;\">\n<h2><span style=\"color: #ff6600;\">ESCUELA DE PRIMAVERA<\/span><\/h2>\n<p style=\"text-align: justify;\">Espacio de formaci\u00f3n dirigido a personas interesadas en la<strong> creaci\u00f3n esc\u00e9nica a partir del movimiento y del juego f\u00edsico del actor <\/strong>que cuenten con alguna experiencia previa.\u00a0Una propuesta para profundizar en el desarrollo del juego dram\u00e1tico e investigar en la dimensi\u00f3n po\u00e9tica de las artes. A lo largo del curso y en relaci\u00f3n directa con los contenidos desarrollados en las clases, cada alumno llevar\u00e1 a cabo un proyecto de creaci\u00f3n personal como conclusi\u00f3n del proceso de trabajo.<\/p>\n<p style=\"text-align: justify;\">Este es un proceso progresivo y continuado que favorece la adquisici\u00f3n de una t\u00e9cnica y disciplina de trabajo. La Escuela de Primavera se desarrolla entre el Carnaval y la noche de San Juan y en ella se fomenta la creaci\u00f3n colectiva y el desarrollo del imaginario individual del alumno, a trav\u00e9s de ejercicios de improvisaci\u00f3n y de creaci\u00f3n en grupo. En 2014 hemos realizado la primera edici\u00f3n. <strong><a title=\"CONTACTO\" href=\"http:\/\/alonsobenjamin.com\/?page_id=112\" target=\"_blank\" rel=\"noopener noreferrer\">+Info<\/a><\/strong><\/p>\n<\/div>\n<\/div>\n","protected":false},"excerpt":{"rendered":"<p>TEATRO GESTUAL Curso monogr\u00e1fico de teatro gestual. Los lenguajes del gesto exploran la expresio\u0301n del cuerpo en diferentes direcciones y ampli\u0301an las posibilidades de juego del actor. A partir de un espacio vaci\u0301o y unos actores en movimiento, podemos sugerir lugares, ambientes, situaciones, personajes, acciones o emociones con los que dar forma a la narraci\u00f3n<\/p>\n<div class=\"read-more\"><a href=\"http:\/\/alonsobenjamin.com\/?page_id=255\">Read More<\/a><\/div>\n","protected":false},"author":2,"featured_media":0,"parent":0,"menu_order":3,"comment_status":"closed","ping_status":"closed","template":"","meta":{"footnotes":""},"class_list":["post-255","page","type-page","status-publish","hentry"],"jetpack_sharing_enabled":true,"_links":{"self":[{"href":"http:\/\/alonsobenjamin.com\/index.php?rest_route=\/wp\/v2\/pages\/255","targetHints":{"allow":["GET"]}}],"collection":[{"href":"http:\/\/alonsobenjamin.com\/index.php?rest_route=\/wp\/v2\/pages"}],"about":[{"href":"http:\/\/alonsobenjamin.com\/index.php?rest_route=\/wp\/v2\/types\/page"}],"author":[{"embeddable":true,"href":"http:\/\/alonsobenjamin.com\/index.php?rest_route=\/wp\/v2\/users\/2"}],"replies":[{"embeddable":true,"href":"http:\/\/alonsobenjamin.com\/index.php?rest_route=%2Fwp%2Fv2%2Fcomments&post=255"}],"version-history":[{"count":215,"href":"http:\/\/alonsobenjamin.com\/index.php?rest_route=\/wp\/v2\/pages\/255\/revisions"}],"predecessor-version":[{"id":3558,"href":"http:\/\/alonsobenjamin.com\/index.php?rest_route=\/wp\/v2\/pages\/255\/revisions\/3558"}],"wp:attachment":[{"href":"http:\/\/alonsobenjamin.com\/index.php?rest_route=%2Fwp%2Fv2%2Fmedia&parent=255"}],"curies":[{"name":"wp","href":"https:\/\/api.w.org\/{rel}","templated":true}]}}